{"id":427,"date":"2025-10-22T22:49:56","date_gmt":"2025-10-22T22:49:56","guid":{"rendered":"https:\/\/lavadotanquesbogota.com\/index.php\/shop\/"},"modified":"2025-10-22T22:49:56","modified_gmt":"2025-10-22T22:49:56","slug":"shop","status":"publish","type":"page","link":"https:\/\/lavadotanquesbogota.com\/index.php\/shop\/","title":{"rendered":"Shop"},"content":{"rendered":"","protected":false},"excerpt":{"rendered":"","protected":false},"author":1,"featured_media":0,"parent":0,"menu_order":0,"comment_status":"closed","ping_status":"closed","template":"","meta":{"footnotes":""},"class_list":["post-427","page","type-page","status-publish","hentry"],"yoast_head":"<!-- This site is optimized with the Yoast SEO plugin v26.9 - https:\/\/yoast.com\/product\/yoast-seo-wordpress\/ -->\n<title>Shop - Lavado de tanques de agua Bogot\u00e1<\/title>\n<meta name=\"robots\" content=\"index, follow, max-snippet:-1, max-image-preview:large, max-video-preview:-1\" \/>\n<link rel=\"canonical\" href=\"https:\/\/lavadotanquesbogota.com\/index.php\/shop\/\" \/>\n<meta property=\"og:locale\" content=\"es_ES\" \/>\n<meta property=\"og:type\" content=\"article\" \/>\n<meta property=\"og:title\" content=\"Shop - Lavado de tanques de agua Bogot\u00e1\" \/>\n<meta property=\"og:url\" content=\"https:\/\/lavadotanquesbogota.com\/index.php\/shop\/\" \/>\n<meta property=\"og:site_name\" content=\"Lavado de tanques de agua Bogot\u00e1\" \/>\n<meta name=\"twitter:card\" content=\"summary_large_image\" \/>\n<script type=\"application\/ld+json\" class=\"yoast-schema-graph\">{\"@context\":\"https:\/\/schema.org\",\"@graph\":[{\"@type\":\"WebPage\",\"@id\":\"https:\/\/lavadotanquesbogota.com\/index.php\/shop\/\",\"url\":\"https:\/\/lavadotanquesbogota.com\/index.php\/shop\/\",\"name\":\"Shop - Lavado de tanques de agua Bogot\u00e1\",\"isPartOf\":{\"@id\":\"https:\/\/lavadotanquesbogota.com\/#website\"},\"datePublished\":\"2025-10-22T22:49:56+00:00\",\"breadcrumb\":{\"@id\":\"https:\/\/lavadotanquesbogota.com\/index.php\/shop\/#breadcrumb\"},\"inLanguage\":\"es\",\"potentialAction\":[{\"@type\":\"ReadAction\",\"target\":[\"https:\/\/lavadotanquesbogota.com\/index.php\/shop\/\"]}]},{\"@type\":\"BreadcrumbList\",\"@id\":\"https:\/\/lavadotanquesbogota.com\/index.php\/shop\/#breadcrumb\",\"itemListElement\":[{\"@type\":\"ListItem\",\"position\":1,\"name\":\"Portada\",\"item\":\"https:\/\/lavadotanquesbogota.com\/\"},{\"@type\":\"ListItem\",\"position\":2,\"name\":\"Shop\"}]},{\"@type\":\"WebSite\",\"@id\":\"https:\/\/lavadotanquesbogota.com\/#website\",\"url\":\"https:\/\/lavadotanquesbogota.com\/\",\"name\":\"Lavado de tanques de agua Bogot\u00e1\",\"description\":\"Empresa de servicios de impermeabilizaci\u00f3n y lavado de tanques de agua en Bogot\u00e1\",\"publisher\":{\"@id\":\"https:\/\/lavadotanquesbogota.com\/#organization\"},\"potentialAction\":[{\"@type\":\"SearchAction\",\"target\":{\"@type\":\"EntryPoint\",\"urlTemplate\":\"https:\/\/lavadotanquesbogota.com\/?s={search_term_string}\"},\"query-input\":{\"@type\":\"PropertyValueSpecification\",\"valueRequired\":true,\"valueName\":\"search_term_string\"}}],\"inLanguage\":\"es\"},{\"@type\":\"Organization\",\"@id\":\"https:\/\/lavadotanquesbogota.com\/#organization\",\"name\":\"Lavado de tanques Bogot\u00e1\",\"url\":\"https:\/\/lavadotanquesbogota.com\/\",\"logo\":{\"@type\":\"ImageObject\",\"inLanguage\":\"es\",\"@id\":\"https:\/\/lavadotanquesbogota.com\/#\/schema\/logo\/image\/\",\"url\":\"https:\/\/lavadotanquesbogota.com\/wp-content\/uploads\/2022\/05\/cropped-Adobe_Express_20220506_0644550.7386115974718055.png\",\"contentUrl\":\"https:\/\/lavadotanquesbogota.com\/wp-content\/uploads\/2022\/05\/cropped-Adobe_Express_20220506_0644550.7386115974718055.png\",\"width\":2559,\"height\":459,\"caption\":\"Lavado de tanques Bogot\u00e1\"},\"image\":{\"@id\":\"https:\/\/lavadotanquesbogota.com\/#\/schema\/logo\/image\/\"}}]}<\/script>\n<!-- \/ Yoast SEO plugin. -->","yoast_head_json":{"title":"Shop - Lavado de tanques de agua Bogot\u00e1","robots":{"index":"index","follow":"follow","max-snippet":"max-snippet:-1","max-image-preview":"max-image-preview:large","max-video-preview":"max-video-preview:-1"},"canonical":"https:\/\/lavadotanquesbogota.com\/index.php\/shop\/","og_locale":"es_ES","og_type":"article","og_title":"Shop - Lavado de tanques de agua Bogot\u00e1","og_url":"https:\/\/lavadotanquesbogota.com\/index.php\/shop\/","og_site_name":"Lavado de tanques de agua Bogot\u00e1","twitter_card":"summary_large_image","schema":{"@context":"https:\/\/schema.org","@graph":[{"@type":"WebPage","@id":"https:\/\/lavadotanquesbogota.com\/index.php\/shop\/","url":"https:\/\/lavadotanquesbogota.com\/index.php\/shop\/","name":"Shop - Lavado de tanques de agua Bogot\u00e1","isPartOf":{"@id":"https:\/\/lavadotanquesbogota.com\/#website"},"datePublished":"2025-10-22T22:49:56+00:00","breadcrumb":{"@id":"https:\/\/lavadotanquesbogota.com\/index.php\/shop\/#breadcrumb"},"inLanguage":"es","potentialAction":[{"@type":"ReadAction","target":["https:\/\/lavadotanquesbogota.com\/index.php\/shop\/"]}]},{"@type":"BreadcrumbList","@id":"https:\/\/lavadotanquesbogota.com\/index.php\/shop\/#breadcrumb","itemListElement":[{"@type":"ListItem","position":1,"name":"Portada","item":"https:\/\/lavadotanquesbogota.com\/"},{"@type":"ListItem","position":2,"name":"Shop"}]},{"@type":"WebSite","@id":"https:\/\/lavadotanquesbogota.com\/#website","url":"https:\/\/lavadotanquesbogota.com\/","name":"Lavado de tanques de agua Bogot\u00e1","description":"Empresa de servicios de impermeabilizaci\u00f3n y lavado de tanques de agua en Bogot\u00e1","publisher":{"@id":"https:\/\/lavadotanquesbogota.com\/#organization"},"potentialAction":[{"@type":"SearchAction","target":{"@type":"EntryPoint","urlTemplate":"https:\/\/lavadotanquesbogota.com\/?s={search_term_string}"},"query-input":{"@type":"PropertyValueSpecification","valueRequired":true,"valueName":"search_term_string"}}],"inLanguage":"es"},{"@type":"Organization","@id":"https:\/\/lavadotanquesbogota.com\/#organization","name":"Lavado de tanques Bogot\u00e1","url":"https:\/\/lavadotanquesbogota.com\/","logo":{"@type":"ImageObject","inLanguage":"es","@id":"https:\/\/lavadotanquesbogota.com\/#\/schema\/logo\/image\/","url":"https:\/\/lavadotanquesbogota.com\/wp-content\/uploads\/2022\/05\/cropped-Adobe_Express_20220506_0644550.7386115974718055.png","contentUrl":"https:\/\/lavadotanquesbogota.com\/wp-content\/uploads\/2022\/05\/cropped-Adobe_Express_20220506_0644550.7386115974718055.png","width":2559,"height":459,"caption":"Lavado de tanques Bogot\u00e1"},"image":{"@id":"https:\/\/lavadotanquesbogota.com\/#\/schema\/logo\/image\/"}}]}},"_links":{"self":[{"href":"https:\/\/lavadotanquesbogota.com\/index.php\/wp-json\/wp\/v2\/pages\/427","targetHints":{"allow":["GET"]}}],"collection":[{"href":"https:\/\/lavadotanquesbogota.com\/index.php\/wp-json\/wp\/v2\/pages"}],"about":[{"href":"https:\/\/lavadotanquesbogota.com\/index.php\/wp-json\/wp\/v2\/types\/page"}],"author":[{"embeddable":true,"href":"https:\/\/lavadotanquesbogota.com\/index.php\/wp-json\/wp\/v2\/users\/1"}],"replies":[{"embeddable":true,"href":"https:\/\/lavadotanquesbogota.com\/index.php\/wp-json\/wp\/v2\/comments?post=427"}],"version-history":[{"count":0,"href":"https:\/\/lavadotanquesbogota.com\/index.php\/wp-json\/wp\/v2\/pages\/427\/revisions"}],"wp:attachment":[{"href":"https:\/\/lavadotanquesbogota.com\/index.php\/wp-json\/wp\/v2\/media?parent=427"}],"curies":[{"name":"wp","href":"https:\/\/api.w.org\/{rel}","templated":true}]}}