{"id":27,"date":"2020-05-06T02:43:27","date_gmt":"2020-05-06T02:43:27","guid":{"rendered":"http:\/\/lavadotanquesbogota.com\/index.php\/home\/"},"modified":"2026-02-03T19:39:49","modified_gmt":"2026-02-03T19:39:49","slug":"lavado-de-tanques-de-agua","status":"publish","type":"page","link":"https:\/\/lavadotanquesbogota.com\/","title":{"rendered":"Lavado de tanques de agua Bogot\u00e1"},"content":{"rendered":"","protected":false},"excerpt":{"rendered":"","protected":false},"author":1,"featured_media":65,"parent":0,"menu_order":0,"comment_status":"closed","ping_status":"closed","template":"templates\/template-homepage.php","meta":{"footnotes":""},"class_list":["post-27","page","type-page","status-publish","has-post-thumbnail","hentry"],"yoast_head":"<!-- This site is optimized with the Yoast SEO plugin v26.9 - https:\/\/yoast.com\/product\/yoast-seo-wordpress\/ -->\n<title>Lavado de tanques de agua Bogot\u00e1 - \ud83c\udff7\ufe0f Cotice Online \u2714<\/title>\n<meta name=\"description\" content=\"Lavado de tanques de agua Bogot\u00e1. Desde $70.000. Empresa con 10 a\u00f1os de experiencia. Certificado Secretar\u00eda Salud. GRATIS AN\u00c1LISIS DE AGUA\" \/>\n<meta name=\"robots\" content=\"index, follow, max-snippet:-1, max-image-preview:large, max-video-preview:-1\" \/>\n<link rel=\"canonical\" href=\"https:\/\/lavadotanquesbogota.com\/\" \/>\n<meta property=\"og:locale\" content=\"es_ES\" \/>\n<meta property=\"og:type\" content=\"article\" \/>\n<meta property=\"og:title\" content=\"Lavado de tanques de agua Bogot\u00e1 - \ud83c\udff7\ufe0f Cotice Online \u2714\" \/>\n<meta property=\"og:description\" content=\"Lavado de tanques de agua Bogot\u00e1. Desde $70.000. Empresa con 10 a\u00f1os de experiencia. Certificado Secretar\u00eda Salud. GRATIS AN\u00c1LISIS DE AGUA\" \/>\n<meta property=\"og:url\" content=\"https:\/\/lavadotanquesbogota.com\/\" \/>\n<meta property=\"og:site_name\" content=\"Lavado de tanques de agua Bogot\u00e1\" \/>\n<meta property=\"article:modified_time\" content=\"2026-02-03T19:39:49+00:00\" \/>\n<meta property=\"og:image\" content=\"https:\/\/lavadotanquesbogota.com\/wp-content\/uploads\/2022\/05\/VKPKWFRT3ZCILCRP66PT3RHRSU.jpg\" \/>\n\t<meta property=\"og:image:width\" content=\"1023\" \/>\n\t<meta property=\"og:image:height\" content=\"682\" \/>\n\t<meta property=\"og:image:type\" content=\"image\/jpeg\" \/>\n<meta name=\"twitter:card\" content=\"summary_large_image\" \/>\n<meta name=\"twitter:label1\" content=\"Tiempo de lectura\" \/>\n\t<meta name=\"twitter:data1\" content=\"1 minuto\" \/>\n<script type=\"application\/ld+json\" class=\"yoast-schema-graph\">{\"@context\":\"https:\/\/schema.org\",\"@graph\":[{\"@type\":\"WebPage\",\"@id\":\"https:\/\/lavadotanquesbogota.com\/\",\"url\":\"https:\/\/lavadotanquesbogota.com\/\",\"name\":\"Lavado de tanques de agua Bogot\u00e1 - \ud83c\udff7\ufe0f Cotice Online \u2714\",\"isPartOf\":{\"@id\":\"https:\/\/lavadotanquesbogota.com\/#website\"},\"primaryImageOfPage\":{\"@id\":\"https:\/\/lavadotanquesbogota.com\/#primaryimage\"},\"image\":{\"@id\":\"https:\/\/lavadotanquesbogota.com\/#primaryimage\"},\"thumbnailUrl\":\"https:\/\/lavadotanquesbogota.com\/wp-content\/uploads\/2022\/05\/VKPKWFRT3ZCILCRP66PT3RHRSU.jpg\",\"datePublished\":\"2020-05-06T02:43:27+00:00\",\"dateModified\":\"2026-02-03T19:39:49+00:00\",\"description\":\"Lavado de tanques de agua Bogot\u00e1. Desde $70.000. Empresa con 10 a\u00f1os de experiencia. Certificado Secretar\u00eda Salud. GRATIS AN\u00c1LISIS DE AGUA\",\"breadcrumb\":{\"@id\":\"https:\/\/lavadotanquesbogota.com\/#breadcrumb\"},\"inLanguage\":\"es\",\"potentialAction\":[{\"@type\":\"ReadAction\",\"target\":[\"https:\/\/lavadotanquesbogota.com\/\"]}]},{\"@type\":\"ImageObject\",\"inLanguage\":\"es\",\"@id\":\"https:\/\/lavadotanquesbogota.com\/#primaryimage\",\"url\":\"https:\/\/lavadotanquesbogota.com\/wp-content\/uploads\/2022\/05\/VKPKWFRT3ZCILCRP66PT3RHRSU.jpg\",\"contentUrl\":\"https:\/\/lavadotanquesbogota.com\/wp-content\/uploads\/2022\/05\/VKPKWFRT3ZCILCRP66PT3RHRSU.jpg\",\"width\":1023,\"height\":682,\"caption\":\"Lavado de tanques de agua Bogot\u00e1\"},{\"@type\":\"BreadcrumbList\",\"@id\":\"https:\/\/lavadotanquesbogota.com\/#breadcrumb\",\"itemListElement\":[{\"@type\":\"ListItem\",\"position\":1,\"name\":\"Portada\",\"item\":\"https:\/\/lavadotanquesbogota.com\/\"},{\"@type\":\"ListItem\",\"position\":2,\"name\":\"Lavado de tanques de agua Bogot\u00e1\"}]},{\"@type\":\"WebSite\",\"@id\":\"https:\/\/lavadotanquesbogota.com\/#website\",\"url\":\"https:\/\/lavadotanquesbogota.com\/\",\"name\":\"Lavado de tanques de agua Bogot\u00e1\",\"description\":\"Empresa de servicios de impermeabilizaci\u00f3n y lavado de tanques de agua en Bogot\u00e1\",\"publisher\":{\"@id\":\"https:\/\/lavadotanquesbogota.com\/#organization\"},\"potentialAction\":[{\"@type\":\"SearchAction\",\"target\":{\"@type\":\"EntryPoint\",\"urlTemplate\":\"https:\/\/lavadotanquesbogota.com\/?s={search_term_string}\"},\"query-input\":{\"@type\":\"PropertyValueSpecification\",\"valueRequired\":true,\"valueName\":\"search_term_string\"}}],\"inLanguage\":\"es\"},{\"@type\":\"Organization\",\"@id\":\"https:\/\/lavadotanquesbogota.com\/#organization\",\"name\":\"Lavado de tanques Bogot\u00e1\",\"url\":\"https:\/\/lavadotanquesbogota.com\/\",\"logo\":{\"@type\":\"ImageObject\",\"inLanguage\":\"es\",\"@id\":\"https:\/\/lavadotanquesbogota.com\/#\/schema\/logo\/image\/\",\"url\":\"https:\/\/lavadotanquesbogota.com\/wp-content\/uploads\/2022\/05\/cropped-Adobe_Express_20220506_0644550.7386115974718055.png\",\"contentUrl\":\"https:\/\/lavadotanquesbogota.com\/wp-content\/uploads\/2022\/05\/cropped-Adobe_Express_20220506_0644550.7386115974718055.png\",\"width\":2559,\"height\":459,\"caption\":\"Lavado de tanques Bogot\u00e1\"},\"image\":{\"@id\":\"https:\/\/lavadotanquesbogota.com\/#\/schema\/logo\/image\/\"}}]}<\/script>\n<!-- \/ Yoast SEO plugin. -->","yoast_head_json":{"title":"Lavado de tanques de agua Bogot\u00e1 - \ud83c\udff7\ufe0f Cotice Online \u2714","description":"Lavado de tanques de agua Bogot\u00e1. Desde $70.000. Empresa con 10 a\u00f1os de experiencia. Certificado Secretar\u00eda Salud. GRATIS AN\u00c1LISIS DE AGUA","robots":{"index":"index","follow":"follow","max-snippet":"max-snippet:-1","max-image-preview":"max-image-preview:large","max-video-preview":"max-video-preview:-1"},"canonical":"https:\/\/lavadotanquesbogota.com\/","og_locale":"es_ES","og_type":"article","og_title":"Lavado de tanques de agua Bogot\u00e1 - \ud83c\udff7\ufe0f Cotice Online \u2714","og_description":"Lavado de tanques de agua Bogot\u00e1. Desde $70.000. Empresa con 10 a\u00f1os de experiencia. Certificado Secretar\u00eda Salud. GRATIS AN\u00c1LISIS DE AGUA","og_url":"https:\/\/lavadotanquesbogota.com\/","og_site_name":"Lavado de tanques de agua Bogot\u00e1","article_modified_time":"2026-02-03T19:39:49+00:00","og_image":[{"width":1023,"height":682,"url":"https:\/\/lavadotanquesbogota.com\/wp-content\/uploads\/2022\/05\/VKPKWFRT3ZCILCRP66PT3RHRSU.jpg","type":"image\/jpeg"}],"twitter_card":"summary_large_image","twitter_misc":{"Tiempo de lectura":"1 minuto"},"schema":{"@context":"https:\/\/schema.org","@graph":[{"@type":"WebPage","@id":"https:\/\/lavadotanquesbogota.com\/","url":"https:\/\/lavadotanquesbogota.com\/","name":"Lavado de tanques de agua Bogot\u00e1 - \ud83c\udff7\ufe0f Cotice Online \u2714","isPartOf":{"@id":"https:\/\/lavadotanquesbogota.com\/#website"},"primaryImageOfPage":{"@id":"https:\/\/lavadotanquesbogota.com\/#primaryimage"},"image":{"@id":"https:\/\/lavadotanquesbogota.com\/#primaryimage"},"thumbnailUrl":"https:\/\/lavadotanquesbogota.com\/wp-content\/uploads\/2022\/05\/VKPKWFRT3ZCILCRP66PT3RHRSU.jpg","datePublished":"2020-05-06T02:43:27+00:00","dateModified":"2026-02-03T19:39:49+00:00","description":"Lavado de tanques de agua Bogot\u00e1. Desde $70.000. Empresa con 10 a\u00f1os de experiencia. Certificado Secretar\u00eda Salud. GRATIS AN\u00c1LISIS DE AGUA","breadcrumb":{"@id":"https:\/\/lavadotanquesbogota.com\/#breadcrumb"},"inLanguage":"es","potentialAction":[{"@type":"ReadAction","target":["https:\/\/lavadotanquesbogota.com\/"]}]},{"@type":"ImageObject","inLanguage":"es","@id":"https:\/\/lavadotanquesbogota.com\/#primaryimage","url":"https:\/\/lavadotanquesbogota.com\/wp-content\/uploads\/2022\/05\/VKPKWFRT3ZCILCRP66PT3RHRSU.jpg","contentUrl":"https:\/\/lavadotanquesbogota.com\/wp-content\/uploads\/2022\/05\/VKPKWFRT3ZCILCRP66PT3RHRSU.jpg","width":1023,"height":682,"caption":"Lavado de tanques de agua Bogot\u00e1"},{"@type":"BreadcrumbList","@id":"https:\/\/lavadotanquesbogota.com\/#breadcrumb","itemListElement":[{"@type":"ListItem","position":1,"name":"Portada","item":"https:\/\/lavadotanquesbogota.com\/"},{"@type":"ListItem","position":2,"name":"Lavado de tanques de agua Bogot\u00e1"}]},{"@type":"WebSite","@id":"https:\/\/lavadotanquesbogota.com\/#website","url":"https:\/\/lavadotanquesbogota.com\/","name":"Lavado de tanques de agua Bogot\u00e1","description":"Empresa de servicios de impermeabilizaci\u00f3n y lavado de tanques de agua en Bogot\u00e1","publisher":{"@id":"https:\/\/lavadotanquesbogota.com\/#organization"},"potentialAction":[{"@type":"SearchAction","target":{"@type":"EntryPoint","urlTemplate":"https:\/\/lavadotanquesbogota.com\/?s={search_term_string}"},"query-input":{"@type":"PropertyValueSpecification","valueRequired":true,"valueName":"search_term_string"}}],"inLanguage":"es"},{"@type":"Organization","@id":"https:\/\/lavadotanquesbogota.com\/#organization","name":"Lavado de tanques Bogot\u00e1","url":"https:\/\/lavadotanquesbogota.com\/","logo":{"@type":"ImageObject","inLanguage":"es","@id":"https:\/\/lavadotanquesbogota.com\/#\/schema\/logo\/image\/","url":"https:\/\/lavadotanquesbogota.com\/wp-content\/uploads\/2022\/05\/cropped-Adobe_Express_20220506_0644550.7386115974718055.png","contentUrl":"https:\/\/lavadotanquesbogota.com\/wp-content\/uploads\/2022\/05\/cropped-Adobe_Express_20220506_0644550.7386115974718055.png","width":2559,"height":459,"caption":"Lavado de tanques Bogot\u00e1"},"image":{"@id":"https:\/\/lavadotanquesbogota.com\/#\/schema\/logo\/image\/"}}]}},"_links":{"self":[{"href":"https:\/\/lavadotanquesbogota.com\/index.php\/wp-json\/wp\/v2\/pages\/27","targetHints":{"allow":["GET"]}}],"collection":[{"href":"https:\/\/lavadotanquesbogota.com\/index.php\/wp-json\/wp\/v2\/pages"}],"about":[{"href":"https:\/\/lavadotanquesbogota.com\/index.php\/wp-json\/wp\/v2\/types\/page"}],"author":[{"embeddable":true,"href":"https:\/\/lavadotanquesbogota.com\/index.php\/wp-json\/wp\/v2\/users\/1"}],"replies":[{"embeddable":true,"href":"https:\/\/lavadotanquesbogota.com\/index.php\/wp-json\/wp\/v2\/comments?post=27"}],"version-history":[{"count":7,"href":"https:\/\/lavadotanquesbogota.com\/index.php\/wp-json\/wp\/v2\/pages\/27\/revisions"}],"predecessor-version":[{"id":261,"href":"https:\/\/lavadotanquesbogota.com\/index.php\/wp-json\/wp\/v2\/pages\/27\/revisions\/261"}],"wp:featuredmedia":[{"embeddable":true,"href":"https:\/\/lavadotanquesbogota.com\/index.php\/wp-json\/wp\/v2\/media\/65"}],"wp:attachment":[{"href":"https:\/\/lavadotanquesbogota.com\/index.php\/wp-json\/wp\/v2\/media?parent=27"}],"curies":[{"name":"wp","href":"https:\/\/api.w.org\/{rel}","templated":true}]}}